{"id":53,"date":"2023-06-19T15:13:27","date_gmt":"2023-06-19T13:13:27","guid":{"rendered":"http:\/\/robotec.zgora.pl\/?page_id=53"},"modified":"2023-06-19T15:52:11","modified_gmt":"2023-06-19T13:52:11","slug":"robotyka","status":"publish","type":"page","link":"http:\/\/robotec24.pl\/?page_id=53","title":{"rendered":"ROBOTYKA"},"content":{"rendered":"<p><strong>Robotyka i informatyka to doskona\u0142y przyk\u0142ad na to, \u017ce nauka mo\u017ce by\u0107 \u015bwietn\u0105 zabaw\u0105. Wsp\u00f3lne budowanie robot\u00f3w rozwija zdolno\u015b\u0107 kreatywnego my\u015blenia, poprawia spostrzegawczo\u015b\u0107 i umiej\u0119tno\u015b\u0107 analizowania problem\u00f3w, a tak\u017ce poszerza wiedz\u0119 dziecka na temat dziedzin technicznych i przyrodniczych. Dla dzieci nauka jest czym\u015b wi\u0119cej ni\u017c nudnymi, szkolnymi lekcjami &#8211; jest pasjonuj\u0105c\u0105 przygod\u0105, kt\u00f3ra trwa przez ca\u0142e \u017cycie.&nbsp;<\/strong><\/p><p><\/p><figure class=\"wp-block-image aligncenter size-large is-resized\"><img loading=\"lazy\" decoding=\"async\" src=\"http:\/\/robotec.zgora.pl\/wp-content\/uploads\/2023\/06\/lego2-768x1024.webp\" alt=\"\" class=\"wp-image-57\" width=\"317\" height=\"422\" srcset=\"http:\/\/robotec24.pl\/wp-content\/uploads\/2023\/06\/lego2-768x1024.webp 768w, http:\/\/robotec24.pl\/wp-content\/uploads\/2023\/06\/lego2-225x300.webp 225w, http:\/\/robotec24.pl\/wp-content\/uploads\/2023\/06\/lego2-1152x1536.webp 1152w, http:\/\/robotec24.pl\/wp-content\/uploads\/2023\/06\/lego2-1536x2048.webp 1536w, http:\/\/robotec24.pl\/wp-content\/uploads\/2023\/06\/lego2-scaled.webp 1920w\" sizes=\"auto, (max-width: 317px) 100vw, 317px\" \/><\/figure><p><\/p><p>Na organizowanych przez nas kursach dzieci ucz\u0105 si\u0119 pozornie skomplikowanej sztuki programowania komputerowego, zg\u0142\u0119biaj\u0105c tajniki matematyki i nauk przyrodniczych. Wszystko to bez zeszyt\u00f3w, czy podr\u0119cznik\u00f3w &#8211; wystarcz\u0105 nam laptopy i zestawy nowoczesnych klock\u00f3w LEGO!<\/p><p>Aby dopasowa\u0107 si\u0119 do potrzeb i dyspozycyjno\u015bci naszych klient\u00f3w, zaj\u0119cia organizowane s\u0105 w formie:&nbsp;<strong>Kurs\u00f3w Miesi\u0119cznych, Semestralnych oraz Indywidualnych<\/strong>.&nbsp;&nbsp;<\/p><p><\/p><div class=\"section-wrapper\" data-id=\"mcI8Ap\"><section class=\"wp-block-gutenverse-section guten-element guten-section guten-mcI8Ap layout-boxed align-stretch\"><div class=\"guten-background-overlay\"><\/div><div class=\"guten-shape-divider guten-shape-divider-top\"><\/div><div class=\"guten-shape-divider guten-shape-divider-bottom\"><\/div><div class=\"guten-container guten-column-gap-default\"><div class=\"wp-block-gutenverse-column guten-element guten-column guten-XV4jZQ\"><div class=\"guten-background-overlay\"><\/div><div class=\"sticky-wrapper\" data-id=\"XV4jZQ\"><div class=\"guten-column-wrapper\"><figure class=\"wp-block-image size-full\"><img loading=\"lazy\" decoding=\"async\" width=\"1000\" height=\"667\" src=\"http:\/\/robotec.zgora.pl\/wp-content\/uploads\/2023\/06\/lego3.webp\" alt=\"\" class=\"wp-image-58\" srcset=\"http:\/\/robotec24.pl\/wp-content\/uploads\/2023\/06\/lego3.webp 1000w, http:\/\/robotec24.pl\/wp-content\/uploads\/2023\/06\/lego3-300x200.webp 300w, http:\/\/robotec24.pl\/wp-content\/uploads\/2023\/06\/lego3-768x512.webp 768w\" sizes=\"auto, (max-width: 1000px) 100vw, 1000px\" \/><\/figure><\/div><\/div><\/div>\n\n<div class=\"wp-block-gutenverse-column guten-element guten-column guten-tFCQF4\"><div class=\"guten-background-overlay\"><\/div><div class=\"sticky-wrapper\" data-id=\"tFCQF4\"><div class=\"guten-column-wrapper\"><figure class=\"wp-block-image size-full\"><img loading=\"lazy\" decoding=\"async\" width=\"649\" height=\"423\" src=\"http:\/\/robotec.zgora.pl\/wp-content\/uploads\/2023\/06\/lego1.webp\" alt=\"\" class=\"wp-image-59\" srcset=\"http:\/\/robotec24.pl\/wp-content\/uploads\/2023\/06\/lego1.webp 649w, http:\/\/robotec24.pl\/wp-content\/uploads\/2023\/06\/lego1-300x196.webp 300w\" sizes=\"auto, (max-width: 649px) 100vw, 649px\" \/><\/figure><\/div><\/div><\/div><\/div><\/section><\/div><p><\/p><p><\/p><p><strong>RobotEC<\/strong>&nbsp;to zaj\u0119cia, podczas kt\u00f3rych roboty o\u017cywaj\u0105 w r\u0119kach dzieci! Uczymy je jak zaprojektowa\u0107, zbudowa\u0107 i zaprogramowa\u0107 robota.<\/p><p><\/p><p><strong>Chcesz to sprawdzi\u0107? Zapisz swojego m\u0142odego in\u017cyniera na nasze zaj\u0119cia!<\/strong><\/p>","protected":false},"excerpt":{"rendered":"<p>Robotyka i informatyka to doskona\u0142y przyk\u0142ad na to, \u017ce nauka mo\u017ce by\u0107 \u015bwietn\u0105 zabaw\u0105. Wsp\u00f3lne budowanie robot\u00f3w rozwija zdolno\u015b\u0107 kreatywnego my\u015blenia, poprawia spostrzegawczo\u015b\u0107 i umiej\u0119tno\u015b\u0107 analizowania problem\u00f3w, a tak\u017ce poszerza wiedz\u0119 dziecka na temat dziedzin technicznych i przyrodniczych. Dla dzieci nauka jest czym\u015b wi\u0119cej ni\u017c nudnymi, szkolnymi lekcjami &#8211; jest pasjonuj\u0105c\u0105 przygod\u0105, kt\u00f3ra trwa przez ca\u0142e \u017cycie.&nbsp; Na organizowanych przez nas kursach dzieci ucz\u0105 si\u0119 pozornie skomplikowanej sztuki programowania komputerowego, zg\u0142\u0119biaj\u0105c tajniki matematyki i nauk przyrodniczych. Wszystko to bez zeszyt\u00f3w, czy podr\u0119cznik\u00f3w &#8211; wystarcz\u0105 nam laptopy i zestawy nowoczesnych klock\u00f3w LEGO! Aby dopasowa\u0107 si\u0119 do potrzeb i dyspozycyjno\u015bci naszych klient\u00f3w,<\/p>\n","protected":false},"author":1,"featured_media":0,"parent":0,"menu_order":3,"comment_status":"closed","ping_status":"closed","template":"","meta":{"inline_featured_image":false,"footnotes":""},"class_list":["post-53","page","type-page","status-publish","hentry"],"yoast_head":"<!-- This site is optimized with the Yoast SEO plugin v24.5 - https:\/\/yoast.com\/wordpress\/plugins\/seo\/ -->\n<title>ROBOTYKA - ROBOTEC Komputery Sprzeda\u017c Serwis<\/title>\n<meta name=\"robots\" content=\"index, follow, max-snippet:-1, max-image-preview:large, max-video-preview:-1\" \/>\n<link rel=\"canonical\" href=\"http:\/\/robotec24.pl\/?page_id=53\" \/>\n<meta property=\"og:locale\" content=\"pl_PL\" \/>\n<meta property=\"og:type\" content=\"article\" \/>\n<meta property=\"og:title\" content=\"ROBOTYKA - ROBOTEC Komputery Sprzeda\u017c Serwis\" \/>\n<meta property=\"og:description\" content=\"Robotyka i informatyka to doskona\u0142y przyk\u0142ad na to, \u017ce nauka mo\u017ce by\u0107 \u015bwietn\u0105 zabaw\u0105. Wsp\u00f3lne budowanie robot\u00f3w rozwija zdolno\u015b\u0107 kreatywnego my\u015blenia, poprawia spostrzegawczo\u015b\u0107 i umiej\u0119tno\u015b\u0107 analizowania problem\u00f3w, a tak\u017ce poszerza wiedz\u0119 dziecka na temat dziedzin technicznych i przyrodniczych. Dla dzieci nauka jest czym\u015b wi\u0119cej ni\u017c nudnymi, szkolnymi lekcjami &#8211; jest pasjonuj\u0105c\u0105 przygod\u0105, kt\u00f3ra trwa przez ca\u0142e \u017cycie.&nbsp; Na organizowanych przez nas kursach dzieci ucz\u0105 si\u0119 pozornie skomplikowanej sztuki programowania komputerowego, zg\u0142\u0119biaj\u0105c tajniki matematyki i nauk przyrodniczych. Wszystko to bez zeszyt\u00f3w, czy podr\u0119cznik\u00f3w &#8211; wystarcz\u0105 nam laptopy i zestawy nowoczesnych klock\u00f3w LEGO! Aby dopasowa\u0107 si\u0119 do potrzeb i dyspozycyjno\u015bci naszych klient\u00f3w,\" \/>\n<meta property=\"og:url\" content=\"http:\/\/robotec24.pl\/?page_id=53\" \/>\n<meta property=\"og:site_name\" content=\"ROBOTEC Komputery Sprzeda\u017c Serwis\" \/>\n<meta property=\"article:modified_time\" content=\"2023-06-19T13:52:11+00:00\" \/>\n<meta property=\"og:image\" content=\"http:\/\/robotec.zgora.pl\/wp-content\/uploads\/2023\/06\/lego2-768x1024.webp\" \/>\n<meta name=\"twitter:card\" content=\"summary_large_image\" \/>\n<meta name=\"twitter:label1\" content=\"Szacowany czas czytania\" \/>\n\t<meta name=\"twitter:data1\" content=\"1 minuta\" \/>\n<script type=\"application\/ld+json\" class=\"yoast-schema-graph\">{\"@context\":\"https:\/\/schema.org\",\"@graph\":[{\"@type\":\"WebPage\",\"@id\":\"http:\/\/robotec24.pl\/?page_id=53\",\"url\":\"http:\/\/robotec24.pl\/?page_id=53\",\"name\":\"ROBOTYKA - ROBOTEC Komputery Sprzeda\u017c Serwis\",\"isPartOf\":{\"@id\":\"http:\/\/robotec24.pl\/#website\"},\"primaryImageOfPage\":{\"@id\":\"http:\/\/robotec24.pl\/?page_id=53#primaryimage\"},\"image\":{\"@id\":\"http:\/\/robotec24.pl\/?page_id=53#primaryimage\"},\"thumbnailUrl\":\"http:\/\/robotec.zgora.pl\/wp-content\/uploads\/2023\/06\/lego2-768x1024.webp\",\"datePublished\":\"2023-06-19T13:13:27+00:00\",\"dateModified\":\"2023-06-19T13:52:11+00:00\",\"breadcrumb\":{\"@id\":\"http:\/\/robotec24.pl\/?page_id=53#breadcrumb\"},\"inLanguage\":\"pl-PL\",\"potentialAction\":[{\"@type\":\"ReadAction\",\"target\":[\"http:\/\/robotec24.pl\/?page_id=53\"]}]},{\"@type\":\"ImageObject\",\"inLanguage\":\"pl-PL\",\"@id\":\"http:\/\/robotec24.pl\/?page_id=53#primaryimage\",\"url\":\"http:\/\/robotec.zgora.pl\/wp-content\/uploads\/2023\/06\/lego2-768x1024.webp\",\"contentUrl\":\"http:\/\/robotec.zgora.pl\/wp-content\/uploads\/2023\/06\/lego2-768x1024.webp\"},{\"@type\":\"BreadcrumbList\",\"@id\":\"http:\/\/robotec24.pl\/?page_id=53#breadcrumb\",\"itemListElement\":[{\"@type\":\"ListItem\",\"position\":1,\"name\":\"Strona g\u0142\u00f3wna\",\"item\":\"http:\/\/robotec24.pl\/\"},{\"@type\":\"ListItem\",\"position\":2,\"name\":\"ROBOTYKA\"}]},{\"@type\":\"WebSite\",\"@id\":\"http:\/\/robotec24.pl\/#website\",\"url\":\"http:\/\/robotec24.pl\/\",\"name\":\"ROBOTEC Komputery Sprzeda\u017c Serwis\",\"description\":\"KOMPUTERY DZI\u015a, KOMPUTERY JUTRO\u2026 ZAWSZE Z ROBOTEC\",\"potentialAction\":[{\"@type\":\"SearchAction\",\"target\":{\"@type\":\"EntryPoint\",\"urlTemplate\":\"http:\/\/robotec24.pl\/?s={search_term_string}\"},\"query-input\":{\"@type\":\"PropertyValueSpecification\",\"valueRequired\":true,\"valueName\":\"search_term_string\"}}],\"inLanguage\":\"pl-PL\"}]}<\/script>\n<!-- \/ Yoast SEO plugin. -->","yoast_head_json":{"title":"ROBOTYKA - ROBOTEC Komputery Sprzeda\u017c Serwis","robots":{"index":"index","follow":"follow","max-snippet":"max-snippet:-1","max-image-preview":"max-image-preview:large","max-video-preview":"max-video-preview:-1"},"canonical":"http:\/\/robotec24.pl\/?page_id=53","og_locale":"pl_PL","og_type":"article","og_title":"ROBOTYKA - ROBOTEC Komputery Sprzeda\u017c Serwis","og_description":"Robotyka i informatyka to doskona\u0142y przyk\u0142ad na to, \u017ce nauka mo\u017ce by\u0107 \u015bwietn\u0105 zabaw\u0105. Wsp\u00f3lne budowanie robot\u00f3w rozwija zdolno\u015b\u0107 kreatywnego my\u015blenia, poprawia spostrzegawczo\u015b\u0107 i umiej\u0119tno\u015b\u0107 analizowania problem\u00f3w, a tak\u017ce poszerza wiedz\u0119 dziecka na temat dziedzin technicznych i przyrodniczych. Dla dzieci nauka jest czym\u015b wi\u0119cej ni\u017c nudnymi, szkolnymi lekcjami &#8211; jest pasjonuj\u0105c\u0105 przygod\u0105, kt\u00f3ra trwa przez ca\u0142e \u017cycie.&nbsp; Na organizowanych przez nas kursach dzieci ucz\u0105 si\u0119 pozornie skomplikowanej sztuki programowania komputerowego, zg\u0142\u0119biaj\u0105c tajniki matematyki i nauk przyrodniczych. Wszystko to bez zeszyt\u00f3w, czy podr\u0119cznik\u00f3w &#8211; wystarcz\u0105 nam laptopy i zestawy nowoczesnych klock\u00f3w LEGO! Aby dopasowa\u0107 si\u0119 do potrzeb i dyspozycyjno\u015bci naszych klient\u00f3w,","og_url":"http:\/\/robotec24.pl\/?page_id=53","og_site_name":"ROBOTEC Komputery Sprzeda\u017c Serwis","article_modified_time":"2023-06-19T13:52:11+00:00","og_image":[{"url":"http:\/\/robotec.zgora.pl\/wp-content\/uploads\/2023\/06\/lego2-768x1024.webp","type":"","width":"","height":""}],"twitter_card":"summary_large_image","twitter_misc":{"Szacowany czas czytania":"1 minuta"},"schema":{"@context":"https:\/\/schema.org","@graph":[{"@type":"WebPage","@id":"http:\/\/robotec24.pl\/?page_id=53","url":"http:\/\/robotec24.pl\/?page_id=53","name":"ROBOTYKA - ROBOTEC Komputery Sprzeda\u017c Serwis","isPartOf":{"@id":"http:\/\/robotec24.pl\/#website"},"primaryImageOfPage":{"@id":"http:\/\/robotec24.pl\/?page_id=53#primaryimage"},"image":{"@id":"http:\/\/robotec24.pl\/?page_id=53#primaryimage"},"thumbnailUrl":"http:\/\/robotec.zgora.pl\/wp-content\/uploads\/2023\/06\/lego2-768x1024.webp","datePublished":"2023-06-19T13:13:27+00:00","dateModified":"2023-06-19T13:52:11+00:00","breadcrumb":{"@id":"http:\/\/robotec24.pl\/?page_id=53#breadcrumb"},"inLanguage":"pl-PL","potentialAction":[{"@type":"ReadAction","target":["http:\/\/robotec24.pl\/?page_id=53"]}]},{"@type":"ImageObject","inLanguage":"pl-PL","@id":"http:\/\/robotec24.pl\/?page_id=53#primaryimage","url":"http:\/\/robotec.zgora.pl\/wp-content\/uploads\/2023\/06\/lego2-768x1024.webp","contentUrl":"http:\/\/robotec.zgora.pl\/wp-content\/uploads\/2023\/06\/lego2-768x1024.webp"},{"@type":"BreadcrumbList","@id":"http:\/\/robotec24.pl\/?page_id=53#breadcrumb","itemListElement":[{"@type":"ListItem","position":1,"name":"Strona g\u0142\u00f3wna","item":"http:\/\/robotec24.pl\/"},{"@type":"ListItem","position":2,"name":"ROBOTYKA"}]},{"@type":"WebSite","@id":"http:\/\/robotec24.pl\/#website","url":"http:\/\/robotec24.pl\/","name":"ROBOTEC Komputery Sprzeda\u017c Serwis","description":"KOMPUTERY DZI\u015a, KOMPUTERY JUTRO\u2026 ZAWSZE Z ROBOTEC","potentialAction":[{"@type":"SearchAction","target":{"@type":"EntryPoint","urlTemplate":"http:\/\/robotec24.pl\/?s={search_term_string}"},"query-input":{"@type":"PropertyValueSpecification","valueRequired":true,"valueName":"search_term_string"}}],"inLanguage":"pl-PL"}]}},"jetpack_sharing_enabled":true,"_links":{"self":[{"href":"http:\/\/robotec24.pl\/index.php?rest_route=\/wp\/v2\/pages\/53","targetHints":{"allow":["GET"]}}],"collection":[{"href":"http:\/\/robotec24.pl\/index.php?rest_route=\/wp\/v2\/pages"}],"about":[{"href":"http:\/\/robotec24.pl\/index.php?rest_route=\/wp\/v2\/types\/page"}],"author":[{"embeddable":true,"href":"http:\/\/robotec24.pl\/index.php?rest_route=\/wp\/v2\/users\/1"}],"replies":[{"embeddable":true,"href":"http:\/\/robotec24.pl\/index.php?rest_route=%2Fwp%2Fv2%2Fcomments&post=53"}],"version-history":[{"count":5,"href":"http:\/\/robotec24.pl\/index.php?rest_route=\/wp\/v2\/pages\/53\/revisions"}],"predecessor-version":[{"id":76,"href":"http:\/\/robotec24.pl\/index.php?rest_route=\/wp\/v2\/pages\/53\/revisions\/76"}],"wp:attachment":[{"href":"http:\/\/robotec24.pl\/index.php?rest_route=%2Fwp%2Fv2%2Fmedia&parent=53"}],"curies":[{"name":"wp","href":"https:\/\/api.w.org\/{rel}","templated":true}]}}